{"id":1452,"date":"2023-04-11T09:23:30","date_gmt":"2023-04-11T09:23:30","guid":{"rendered":"http:\/\/monte.digital-terroirs.com\/lodging\/"},"modified":"2024-05-08T08:33:08","modified_gmt":"2024-05-08T08:33:08","slug":"lodging","status":"publish","type":"page","link":"https:\/\/quintadomontebravo.pt\/en\/lodging\/","title":{"rendered":"Lodging"},"content":{"rendered":"\t\t<div data-elementor-type=\"wp-page\" data-elementor-id=\"1452\" class=\"elementor elementor-1452 elementor-17\">\n\t\t\t\t\t\t\t\t\t<section class=\"wd-negative-gap elementor-section elementor-top-section elementor-element elementor-element-40ef8870 elementor-section-boxed elementor-section-height-default elementor-section-height-default wd-section-disabled\" data-id=\"40ef8870\" data-element_type=\"section\">\n\t\t\t\t\t\t<div class=\"elementor-container elementor-column-gap-default\">\n\t\t\t\t\t<div class=\"elementor-column elementor-col-100 elementor-top-column elementor-element elementor-element-36165d67\" data-id=\"36165d67\" data-element_type=\"column\">\n\t\t\t<div class=\"elementor-widget-wrap elementor-element-populated\">\n\t\t\t\t\t\t\t\t<div class=\"elementor-element elementor-element-20bb21f2 elementor-hidden-tablet elementor-hidden-mobile elementor-widget elementor-widget-html\" data-id=\"20bb21f2\" data-element_type=\"widget\" data-widget_type=\"html.default\">\n\t\t\t\t<div class=\"elementor-widget-container\">\n\t\t\t<div class=\"section-page-scroll-down\">\n<div class=\"outer\">\n    <div class=\"inner scroll-down\"><\/div>\n<\/div>\n<\/div>\t\t<\/div>\n\t\t\t\t<\/div>\n\t\t\t\t<div class=\"elementor-element elementor-element-508ab203 elementor-widget elementor-widget-wd_text_block\" data-id=\"508ab203\" data-element_type=\"widget\" data-widget_type=\"wd_text_block.default\">\n\t\t\t\t<div class=\"elementor-widget-container\">\n\t\t\t\t\t<div class=\"wd-text-block reset-last-child text-center\">\n\t\t\t\n\t\t\tQuinta do Monte Bravo is a century-old, typically Douro property that seeks to provide a peaceful stay in a magical setting among the vineyards.\n\t\t\t\t\t<\/div>\n\t\t\t\t<\/div>\n\t\t\t\t<\/div>\n\t\t\t\t\t<\/div>\n\t\t<\/div>\n\t\t\t\t\t\t\t<\/div>\n\t\t<\/section>\n\t\t\t\t<section class=\"elementor-section elementor-top-section elementor-element elementor-element-67bda63b elementor-section-full_width elementor-section-height-min-height elementor-reverse-mobile elementor-reverse-tablet elementor-section-height-default elementor-section-items-middle wd-section-disabled\" data-id=\"67bda63b\" data-element_type=\"section\">\n\t\t\t\t\t\t<div class=\"elementor-container elementor-column-gap-custom\">\n\t\t\t\t\t<div class=\"elementor-column elementor-col-50 elementor-top-column elementor-element elementor-element-4a9d5c89\" data-id=\"4a9d5c89\" data-element_type=\"column\">\n\t\t\t<div class=\"elementor-widget-wrap elementor-element-populated\">\n\t\t\t\t\t\t\t\t<div class=\"elementor-element elementor-element-18227ad7 elementor-widget elementor-widget-wd_text_block\" data-id=\"18227ad7\" data-element_type=\"widget\" data-widget_type=\"wd_text_block.default\">\n\t\t\t\t<div class=\"elementor-widget-container\">\n\t\t\t\t\t<div class=\"wd-text-block reset-last-child text-left\">\n\t\t\t\n\t\t\t<p>Our family has always tried to warmly welcome anyone who visits us or wasn't a bottle of wine the starting point for long and exciting conversations. Therefore, we renovated the estate's row of houses and created three houses with a total of seven rooms, beautifully furnished and decorated, respecting the tradition of the region and providing a stay full of comfort and tranquility.<\/p><p>Located just 15 minutes from S\u00e3o Jo\u00e3o da Pesqueira, 20 minutes from Pinh\u00e3o and 40 minutes from Peso da R\u00e9gua, at Quinta do Monte Bravo you can experience unique days in the Douro.<\/p>\n\t\t\t\t\t<\/div>\n\t\t\t\t<\/div>\n\t\t\t\t<\/div>\n\t\t\t\t\t<\/div>\n\t\t<\/div>\n\t\t\t\t<div class=\"elementor-column elementor-col-50 elementor-top-column elementor-element elementor-element-226fb512\" data-id=\"226fb512\" data-element_type=\"column\">\n\t\t\t<div class=\"elementor-widget-wrap elementor-element-populated\">\n\t\t\t\t\t\t\t\t<div class=\"elementor-element elementor-element-a59f1e9 elementor-widget elementor-widget-image\" data-id=\"a59f1e9\" data-element_type=\"widget\" data-widget_type=\"image.default\">\n\t\t\t\t<div class=\"elementor-widget-container\">\n\t\t\t<style>\/*! elementor - v3.12.1 - 02-04-2023 *\/\n.elementor-widget-image{text-align:center}.elementor-widget-image a{display:inline-block}.elementor-widget-image a img[src$=\".svg\"]{width:48px}.elementor-widget-image img{vertical-align:middle;display:inline-block}<\/style>\t\t\t\t\t\t\t\t\t\t\t\t<img decoding=\"async\" src=\"https:\/\/quintadomontebravo.pt\/wp-content\/uploads\/elementor\/thumbs\/alojamento2-qbomxr4nrvv4ofeggbu9d3x78pryo6yezm01eqqmcg.webp\" title=\"alojamento2\" alt=\"alojamento2\" loading=\"lazy\" \/>\t\t\t\t\t\t\t\t\t\t\t\t\t\t\t<\/div>\n\t\t\t\t<\/div>\n\t\t\t\t\t<\/div>\n\t\t<\/div>\n\t\t\t\t\t\t\t<\/div>\n\t\t<\/section>\n\t\t\t\t<section class=\"elementor-section elementor-top-section elementor-element elementor-element-53af14b0 elementor-section-full_width elementor-section-stretched elementor-section-height-default elementor-section-height-default wd-section-disabled\" data-id=\"53af14b0\" data-element_type=\"section\" data-settings=\"{&quot;stretch_section&quot;:&quot;section-stretched&quot;,&quot;background_background&quot;:&quot;classic&quot;}\">\n\t\t\t\t\t\t<div class=\"elementor-container elementor-column-gap-no\">\n\t\t\t\t\t<div class=\"elementor-column elementor-col-100 elementor-top-column elementor-element elementor-element-2ae2fc74\" data-id=\"2ae2fc74\" data-element_type=\"column\">\n\t\t\t<div class=\"elementor-widget-wrap elementor-element-populated\">\n\t\t\t\t\t\t\t\t<div class=\"elementor-element elementor-element-26aefd7c elementor-widget elementor-widget-image\" data-id=\"26aefd7c\" data-element_type=\"widget\" data-widget_type=\"image.default\">\n\t\t\t\t<div class=\"elementor-widget-container\">\n\t\t\t\t\t\t\t\t\t\t\t\t\t\t\t<img loading=\"lazy\" decoding=\"async\" width=\"1920\" height=\"1080\" src=\"https:\/\/quintadomontebravo.pt\/wp-content\/uploads\/2023\/08\/alojamento3.webp\" class=\"attachment-2048x2048 size-2048x2048 wp-image-1062\" alt=\"\" srcset=\"https:\/\/quintadomontebravo.pt\/wp-content\/uploads\/2023\/08\/alojamento3.webp 1920w, https:\/\/quintadomontebravo.pt\/wp-content\/uploads\/2023\/08\/alojamento3-300x169.webp 300w, https:\/\/quintadomontebravo.pt\/wp-content\/uploads\/2023\/08\/alojamento3-1024x576.webp 1024w, https:\/\/quintadomontebravo.pt\/wp-content\/uploads\/2023\/08\/alojamento3-768x432.webp 768w, https:\/\/quintadomontebravo.pt\/wp-content\/uploads\/2023\/08\/alojamento3-1536x864.webp 1536w, https:\/\/quintadomontebravo.pt\/wp-content\/uploads\/2023\/08\/alojamento3-600x338.webp 600w, https:\/\/quintadomontebravo.pt\/wp-content\/uploads\/2023\/08\/alojamento3-150x84.webp 150w\" sizes=\"auto, (max-width: 1920px) 100vw, 1920px\" \/>\t\t\t\t\t\t\t\t\t\t\t\t\t\t\t<\/div>\n\t\t\t\t<\/div>\n\t\t\t\t\t<\/div>\n\t\t<\/div>\n\t\t\t\t\t\t\t<\/div>\n\t\t<\/section>\n\t\t\t\t<section class=\"elementor-section elementor-top-section elementor-element elementor-element-3f4a1aa1 elementor-section-full_width elementor-section-height-min-height elementor-section-height-default elementor-section-items-middle wd-section-disabled\" data-id=\"3f4a1aa1\" data-element_type=\"section\">\n\t\t\t\t\t\t<div class=\"elementor-container elementor-column-gap-custom\">\n\t\t\t\t\t<div class=\"elementor-column elementor-col-50 elementor-top-column elementor-element elementor-element-4eb1558a\" data-id=\"4eb1558a\" data-element_type=\"column\">\n\t\t\t<div class=\"elementor-widget-wrap elementor-element-populated\">\n\t\t\t\t\t\t\t\t<div class=\"elementor-element elementor-element-328ab835 elementor-widget elementor-widget-image\" data-id=\"328ab835\" data-element_type=\"widget\" data-widget_type=\"image.default\">\n\t\t\t\t<div class=\"elementor-widget-container\">\n\t\t\t\t\t\t\t\t\t\t\t\t\t\t\t<img decoding=\"async\" src=\"https:\/\/quintadomontebravo.pt\/wp-content\/uploads\/elementor\/thumbs\/alojamento4-qbomv394es7vs79q06ebas46newiv2dsmfgigiorz4.webp\" title=\"alojamento4\" alt=\"alojamento4\" loading=\"lazy\" \/>\t\t\t\t\t\t\t\t\t\t\t\t\t\t\t<\/div>\n\t\t\t\t<\/div>\n\t\t\t\t\t<\/div>\n\t\t<\/div>\n\t\t\t\t<div class=\"elementor-column elementor-col-50 elementor-top-column elementor-element elementor-element-5b3c1bfc\" data-id=\"5b3c1bfc\" data-element_type=\"column\">\n\t\t\t<div class=\"elementor-widget-wrap elementor-element-populated\">\n\t\t\t\t\t\t\t\t<div class=\"elementor-element elementor-element-6f78603e elementor-widget elementor-widget-wd_text_block\" data-id=\"6f78603e\" data-element_type=\"widget\" data-widget_type=\"wd_text_block.default\">\n\t\t\t\t<div class=\"elementor-widget-container\">\n\t\t\t\t\t<div class=\"wd-text-block reset-last-child text-left\">\n\t\t\t\n\t\t\tThe rooms are equipped with air conditioning and the bathrooms have all amenities. There's a dining area and a small fully equipped kitchen with a dishwasher, microwave and refrigerator at your disposal. It also has a large panoramic balcony overlooking the vineyards where you can relax by the pool.\n\nFor more information and reservations, contact us via <a class=\"booking-phone\" target=\"_blank\" href=\"https:\/\/wa.me\/351938863599\">+351 938 863 599<\/a> (national mobile call) or by the e-mail <a href=\"mailto:geral@quintadomontebravo.pt\">geral@quintadomontebravo.pt<\/a>. Come and experience the Douro as if you were at home.\n\t\t\t\t\t<\/div>\n\t\t\t\t<\/div>\n\t\t\t\t<\/div>\n\t\t\t\t\t<\/div>\n\t\t<\/div>\n\t\t\t\t\t\t\t<\/div>\n\t\t<\/section>\n\t\t\t\t<section class=\"wd-negative-gap elementor-section elementor-top-section elementor-element elementor-element-6d32e40 elementor-section-boxed elementor-section-height-default elementor-section-height-default wd-section-disabled\" data-id=\"6d32e40\" data-element_type=\"section\">\n\t\t\t\t\t\t<div class=\"elementor-container elementor-column-gap-default\">\n\t\t\t\t\t<div class=\"elementor-column elementor-col-100 elementor-top-column elementor-element elementor-element-4d57925\" data-id=\"4d57925\" data-element_type=\"column\">\n\t\t\t<div class=\"elementor-widget-wrap elementor-element-populated\">\n\t\t\t\t\t\t\t\t<div class=\"elementor-element elementor-element-6b3576d elementor-widget elementor-widget-wd_images_gallery\" data-id=\"6b3576d\" data-element_type=\"widget\" data-widget_type=\"wd_images_gallery.default\">\n\t\t\t\t<div class=\"elementor-widget-container\">\n\t\t\t\t\t<div class=\"wd-images-gallery wd-justify-center wd-items-middle view-grid photoswipe-images\" >\n\t\t\t<div class=\"gallery-images row wd-spacing-0\">\n\t\t\t\t\t\t\t\t\t\t\t\t\t\t<div class=\"wd-gallery-item  col-lg-4 col-md-4 col-12\">\n\t\t\t\t\t\t\t\t\t\t\t\t\t<a  href=\"https:\/\/quintadomontebravo.pt\/wp-content\/uploads\/2023\/09\/galeria9.webp\"data-width=\"1000\" data-height=\"1000\" data-index=\"1\" data-elementor-open-lightbox=\"no\">\n\t\t\t\t\t\t\n\t\t\t\t\t\t<img decoding=\"async\" src=\"https:\/\/quintadomontebravo.pt\/wp-content\/uploads\/elementor\/thumbs\/galeria9-qbyikxustbnibfdm5vl52aqkxg8vw6j5nneqjoalu8.webp\"alt=\"galeria9\">\n\t\t\t\t\t\t\t\t\t\t\t\t\t<\/a>\n\t\t\t\t\t\t\t\t\t\t\t<\/div>\n\t\t\t\t\t\t\t\t\t\t\t\t\t\t\t<div class=\"wd-gallery-item  col-lg-4 col-md-4 col-12\">\n\t\t\t\t\t\t\t\t\t\t\t\t\t<a  href=\"https:\/\/quintadomontebravo.pt\/wp-content\/uploads\/2023\/09\/galeria2.webp\"data-width=\"1000\" data-height=\"1000\" data-index=\"2\" data-elementor-open-lightbox=\"no\">\n\t\t\t\t\t\t\n\t\t\t\t\t\t<img decoding=\"async\" src=\"https:\/\/quintadomontebravo.pt\/wp-content\/uploads\/elementor\/thumbs\/galeria2-qbyijrk29s1lsz320vaxg3eu741d9sv8hu1vy81bm8.webp\"alt=\"galeria2\">\n\t\t\t\t\t\t\t\t\t\t\t\t\t<\/a>\n\t\t\t\t\t\t\t\t\t\t\t<\/div>\n\t\t\t\t\t\t\t\t\t\t\t\t\t\t\t<div class=\"wd-gallery-item  col-lg-4 col-md-4 col-12\">\n\t\t\t\t\t\t\t\t\t\t\t\t\t<a  href=\"https:\/\/quintadomontebravo.pt\/wp-content\/uploads\/2023\/09\/galeria7.webp\"data-width=\"1000\" data-height=\"1000\" data-index=\"3\" data-elementor-open-lightbox=\"no\">\n\t\t\t\t\t\t\n\t\t\t\t\t\t<img decoding=\"async\" src=\"https:\/\/quintadomontebravo.pt\/wp-content\/uploads\/elementor\/thumbs\/galeria7-qbyikmkqjb82g3tzzqpm8dl1stshbtadm3kwscrbww.webp\"alt=\"galeria7\">\n\t\t\t\t\t\t\t\t\t\t\t\t\t<\/a>\n\t\t\t\t\t\t\t\t\t\t\t<\/div>\n\t\t\t\t\t\t\t\t\t\t\t\t\t\t\t<div class=\"wd-gallery-item  col-lg-4 col-md-4 col-12\">\n\t\t\t\t\t\t\t\t\t\t\t\t\t<a  href=\"https:\/\/quintadomontebravo.pt\/wp-content\/uploads\/2023\/09\/galeria1.webp\"data-width=\"1000\" data-height=\"1000\" data-index=\"4\" data-elementor-open-lightbox=\"no\">\n\t\t\t\t\t\t\n\t\t\t\t\t\t<img decoding=\"async\" src=\"https:\/\/quintadomontebravo.pt\/wp-content\/uploads\/elementor\/thumbs\/galeria1-qbyijlx14rtvvbb8xsv614u2mst5zm8uh24z2k9onk.webp\"alt=\"galeria1\">\n\t\t\t\t\t\t\t\t\t\t\t\t\t<\/a>\n\t\t\t\t\t\t\t\t\t\t\t<\/div>\n\t\t\t\t\t\t\t\t\t\t\t\t\t\t\t<div class=\"wd-gallery-item  col-lg-4 col-md-4 col-12\">\n\t\t\t\t\t\t\t\t\t\t\t\t\t<a  href=\"https:\/\/quintadomontebravo.pt\/wp-content\/uploads\/2023\/09\/galeria4.webp\"data-width=\"1000\" data-height=\"1000\" data-index=\"5\" data-elementor-open-lightbox=\"no\">\n\t\t\t\t\t\t\n\t\t\t\t\t\t<img decoding=\"async\" src=\"https:\/\/quintadomontebravo.pt\/wp-content\/uploads\/elementor\/thumbs\/galeria4-qbyik3ryqmibzwlb1il2uibtx4d51v7qvij76tj7dc.webp\"alt=\"galeria4\">\n\t\t\t\t\t\t\t\t\t\t\t\t\t<\/a>\n\t\t\t\t\t\t\t\t\t\t\t<\/div>\n\t\t\t\t\t\t\t\t\t\t\t\t\t\t\t<div class=\"wd-gallery-item  col-lg-4 col-md-4 col-12\">\n\t\t\t\t\t\t\t\t\t\t\t\t\t<a  href=\"https:\/\/quintadomontebravo.pt\/wp-content\/uploads\/2023\/09\/galeria10.webp\"data-width=\"1000\" data-height=\"1000\" data-index=\"6\" data-elementor-open-lightbox=\"no\">\n\t\t\t\t\t\t\n\t\t\t\t\t\t<img decoding=\"async\" src=\"https:\/\/quintadomontebravo.pt\/wp-content\/uploads\/elementor\/thumbs\/galeria10-qbyil2jzrhtxxh6sefm9wrjvwdlpyo1tcao5y23mz4.webp\"alt=\"galeria10\">\n\t\t\t\t\t\t\t\t\t\t\t\t\t<\/a>\n\t\t\t\t\t\t\t\t\t\t\t<\/div>\n\t\t\t\t\t\t\t\t\t\t\t\t\t\t\t<div class=\"wd-gallery-item  col-lg-4 col-md-4 col-12\">\n\t\t\t\t\t\t\t\t\t\t\t\t\t<a  href=\"https:\/\/quintadomontebravo.pt\/wp-content\/uploads\/2023\/09\/galeria3.webp\"data-width=\"1000\" data-height=\"1000\" data-index=\"7\" data-elementor-open-lightbox=\"no\">\n\t\t\t\t\t\t\n\t\t\t\t\t\t<img decoding=\"async\" src=\"https:\/\/quintadomontebravo.pt\/wp-content\/uploads\/elementor\/thumbs\/galeria3-qbyijx73es9bqmuv3xqov1zlrf9kjzhmilystvsykw.webp\"alt=\"galeria3\">\n\t\t\t\t\t\t\t\t\t\t\t\t\t<\/a>\n\t\t\t\t\t\t\t\t\t\t\t<\/div>\n\t\t\t\t\t\t\t\t\t\t\t\t\t\t\t<div class=\"wd-gallery-item  col-lg-4 col-md-4 col-12\">\n\t\t\t\t\t\t\t\t\t\t\t\t\t<a  href=\"https:\/\/quintadomontebravo.pt\/wp-content\/uploads\/2023\/09\/galeria6.webp\"data-width=\"1000\" data-height=\"1000\" data-index=\"8\" data-elementor-open-lightbox=\"no\">\n\t\t\t\t\t\t\n\t\t\t\t\t\t<img decoding=\"async\" src=\"https:\/\/quintadomontebravo.pt\/wp-content\/uploads\/elementor\/thumbs\/galeria6-qbyikgxpeb0cig26wo9utf0a8ika1mnzlbnzwozoy8.webp\"alt=\"galeria6\">\n\t\t\t\t\t\t\t\t\t\t\t\t\t<\/a>\n\t\t\t\t\t\t\t\t\t\t\t<\/div>\n\t\t\t\t\t\t\t\t\t\t\t\t\t\t\t<div class=\"wd-gallery-item  col-lg-4 col-md-4 col-12\">\n\t\t\t\t\t\t\t\t\t\t\t\t\t<a  href=\"https:\/\/quintadomontebravo.pt\/wp-content\/uploads\/2023\/09\/galeria12.webp\"data-width=\"1000\" data-height=\"1000\" data-index=\"9\" data-elementor-open-lightbox=\"no\">\n\t\t\t\t\t\t\n\t\t\t\t\t\t<img decoding=\"async\" src=\"https:\/\/quintadomontebravo.pt\/wp-content\/uploads\/elementor\/thumbs\/galeria12-qbyilcw7uo83h6rrq23666xyfm6rbc6v1pui83ob2o.webp\"alt=\"galeria12\">\n\t\t\t\t\t\t\t\t\t\t\t\t\t<\/a>\n\t\t\t\t\t\t\t\t\t\t\t<\/div>\n\t\t\t\t\t\t\t\t\t\t\t\t\t\t\t<div class=\"wd-gallery-item  col-lg-4 col-md-4 col-12\">\n\t\t\t\t\t\t\t\t\t\t\t\t\t<a  href=\"https:\/\/quintadomontebravo.pt\/wp-content\/uploads\/2023\/09\/galeria8.webp\"data-width=\"1000\" data-height=\"1000\" data-index=\"10\" data-elementor-open-lightbox=\"no\">\n\t\t\t\t\t\t\n\t\t\t\t\t\t<img decoding=\"async\" src=\"https:\/\/quintadomontebravo.pt\/wp-content\/uploads\/elementor\/thumbs\/galeria8-qbyikr9xhhei25n68aqr2uecrr5beat1aquc6qkd1s.webp\"alt=\"galeria8\">\n\t\t\t\t\t\t\t\t\t\t\t\t\t<\/a>\n\t\t\t\t\t\t\t\t\t\t\t<\/div>\n\t\t\t\t\t\t\t\t\t\t\t\t\t\t\t<div class=\"wd-gallery-item  col-lg-4 col-md-4 col-12\">\n\t\t\t\t\t\t\t\t\t\t\t\t\t<a  href=\"https:\/\/quintadomontebravo.pt\/wp-content\/uploads\/2023\/09\/galeria5.webp\"data-width=\"1000\" data-height=\"1000\" data-index=\"11\" data-elementor-open-lightbox=\"no\">\n\t\t\t\t\t\t\n\t\t\t\t\t\t<img decoding=\"async\" src=\"https:\/\/quintadomontebravo.pt\/wp-content\/uploads\/elementor\/thumbs\/galeria5-qbyikbao9asmksadtlu3egfio7c2rg1lkjr31181zk.webp\"alt=\"galeria5\">\n\t\t\t\t\t\t\t\t\t\t\t\t\t<\/a>\n\t\t\t\t\t\t\t\t\t\t\t<\/div>\n\t\t\t\t\t\t\t\t\t\t\t\t\t\t\t<div class=\"wd-gallery-item  col-lg-4 col-md-4 col-12\">\n\t\t\t\t\t\t\t\t\t\t\t\t\t<a  href=\"https:\/\/quintadomontebravo.pt\/wp-content\/uploads\/2023\/09\/galeria11.webp\"data-width=\"1000\" data-height=\"1000\" data-index=\"12\" data-elementor-open-lightbox=\"no\">\n\t\t\t\t\t\t\n\t\t\t\t\t\t<img decoding=\"async\" src=\"https:\/\/quintadomontebravo.pt\/wp-content\/uploads\/elementor\/thumbs\/galeria11-qbyil870wi1nv4ylhi21bq4ngotx8uo7d2l2tpv9xs.webp\"alt=\"galeria11\">\n\t\t\t\t\t\t\t\t\t\t\t\t\t<\/a>\n\t\t\t\t\t\t\t\t\t\t\t<\/div>\n\t\t\t\t\t\t\t\t<\/div>\n\t\t<\/div>\n\t\t\t\t<\/div>\n\t\t\t\t<\/div>\n\t\t\t\t\t<\/div>\n\t\t<\/div>\n\t\t\t\t\t\t\t<\/div>\n\t\t<\/section>\n\t\t\t\t\t\t\t<\/div>\n\t\t","protected":false},"excerpt":{"rendered":"<p>Quinta do Monte Bravo is a century-old, typically Douro property that seeks to provide a peaceful stay in a magical<\/p>\n","protected":false},"author":2,"featured_media":0,"parent":0,"menu_order":0,"comment_status":"closed","ping_status":"closed","template":"","meta":{"footnotes":""},"class_list":["post-1452","page","type-page","status-publish","hentry"],"acf":[],"_links":{"self":[{"href":"https:\/\/quintadomontebravo.pt\/en\/wp-json\/wp\/v2\/pages\/1452","targetHints":{"allow":["GET"]}}],"collection":[{"href":"https:\/\/quintadomontebravo.pt\/en\/wp-json\/wp\/v2\/pages"}],"about":[{"href":"https:\/\/quintadomontebravo.pt\/en\/wp-json\/wp\/v2\/types\/page"}],"author":[{"embeddable":true,"href":"https:\/\/quintadomontebravo.pt\/en\/wp-json\/wp\/v2\/users\/2"}],"replies":[{"embeddable":true,"href":"https:\/\/quintadomontebravo.pt\/en\/wp-json\/wp\/v2\/comments?post=1452"}],"version-history":[{"count":1,"href":"https:\/\/quintadomontebravo.pt\/en\/wp-json\/wp\/v2\/pages\/1452\/revisions"}],"predecessor-version":[{"id":1453,"href":"https:\/\/quintadomontebravo.pt\/en\/wp-json\/wp\/v2\/pages\/1452\/revisions\/1453"}],"wp:attachment":[{"href":"https:\/\/quintadomontebravo.pt\/en\/wp-json\/wp\/v2\/media?parent=1452"}],"curies":[{"name":"wp","href":"https:\/\/api.w.org\/{rel}","templated":true}]}}